{"id":68,"date":"2023-11-25T00:15:10","date_gmt":"2023-11-25T00:15:10","guid":{"rendered":"https:\/\/centroapice.es\/?page_id=68"},"modified":"2025-10-06T15:49:28","modified_gmt":"2025-10-06T15:49:28","slug":"quienes-somos","status":"publish","type":"page","link":"https:\/\/centroapice.es\/index.php\/quienes-somos\/","title":{"rendered":"Qui\u00e9nes Somos"},"content":{"rendered":"\t\t<div data-elementor-type=\"wp-page\" data-elementor-id=\"68\" class=\"elementor elementor-68\">\n\t\t\t\t<div class=\"elementor-element elementor-element-4e82e3a e-flex e-con-boxed e-con e-parent\" data-id=\"4e82e3a\" data-element_type=\"container\" data-e-type=\"container\">\n\t\t\t\t\t<div class=\"e-con-inner\">\n\t\t<div class=\"elementor-element elementor-element-e0fe87c e-con-full e-flex e-con e-child\" data-id=\"e0fe87c\" data-element_type=\"container\" data-e-type=\"container\">\n\t\t\t\t<div class=\"elementor-element elementor-element-27fb90f elementor-widget-mobile__width-initial elementor-widget elementor-widget-image\" data-id=\"27fb90f\" data-element_type=\"widget\" data-e-type=\"widget\" data-widget_type=\"image.default\">\n\t\t\t\t<div class=\"elementor-widget-container\">\n\t\t\t\t\t\t\t\t\t\t\t\t\t\t\t<img fetchpriority=\"high\" decoding=\"async\" width=\"268\" height=\"300\" src=\"https:\/\/centroapice.es\/wp-content\/uploads\/2024\/07\/Foto-Sara-Apice-268x300.jpg\" class=\"attachment-medium size-medium wp-image-539\" alt=\"\" srcset=\"https:\/\/centroapice.es\/wp-content\/uploads\/2024\/07\/Foto-Sara-Apice-268x300.jpg 268w, https:\/\/centroapice.es\/wp-content\/uploads\/2024\/07\/Foto-Sara-Apice-915x1024.jpg 915w, https:\/\/centroapice.es\/wp-content\/uploads\/2024\/07\/Foto-Sara-Apice-768x859.jpg 768w, https:\/\/centroapice.es\/wp-content\/uploads\/2024\/07\/Foto-Sara-Apice-1373x1536.jpg 1373w, https:\/\/centroapice.es\/wp-content\/uploads\/2024\/07\/Foto-Sara-Apice-1830x2048.jpg 1830w\" sizes=\"(max-width: 268px) 100vw, 268px\" \/>\t\t\t\t\t\t\t\t\t\t\t\t\t\t\t<\/div>\n\t\t\t\t<\/div>\n\t\t\t\t<\/div>\n\t\t<div class=\"elementor-element elementor-element-9c14226 e-con-full e-flex e-con e-child\" data-id=\"9c14226\" data-element_type=\"container\" data-e-type=\"container\">\n\t\t\t\t<div class=\"elementor-element elementor-element-34b26cc elementor-widget__width-initial elementor-widget-mobile__width-initial elementor-widget elementor-widget-text-editor\" data-id=\"34b26cc\" data-element_type=\"widget\" data-e-type=\"widget\" data-widget_type=\"text-editor.default\">\n\t\t\t\t<div class=\"elementor-widget-container\">\n\t\t\t\t\t\t\t\t\t<p style=\"letter-spacing: -0.3px; text-align: left;\"><span style=\"color: #c87065;\"><strong>SARA SANTANA QUEVEDO<\/strong><\/span><\/p><p style=\"text-align: left;\"><span style=\"font-weight: 400;\">\u00a0*Graduada en Terapia Ocupacional (UCM) Colegiada 4680095<\/span><\/p><p style=\"text-align: left;\"><span style=\"font-weight: 400;\">*Graduada en Psicolog\u00eda (UNED)<\/span><span style=\"color: var( --e-global-color-text ); background-color: var( --e-global-color-primary ); font-size: 1rem; letter-spacing: -0.3px;\">\u00a0Colegiada P-03075<\/span><\/p><p style=\"text-align: left;\"><span style=\"font-weight: 400;\">*Certificada en Integraci\u00f3n Sensorial ASI<\/span><\/p><p style=\"text-align: left;\"><span style=\"font-weight: 400;\">*Curso Terapia Ocupacional en Salud Mental\u00a0<\/span><\/p><p style=\"text-align: left;\"><span style=\"font-weight: 400;\">*Formaci\u00f3n en: Selectividad alimentaria en el ni\u00f1o, Autismo e Integraci\u00f3n Sensorial, Abordaje multisensorial en el proceso de escritura, Introducci\u00f3n al m\u00e9todo Bobath.<\/span><\/p>\t\t\t\t\t\t\t\t<\/div>\n\t\t\t\t<\/div>\n\t\t<div class=\"elementor-element elementor-element-4cd31c3 e-con-full e-flex e-con e-child\" data-id=\"4cd31c3\" data-element_type=\"container\" data-e-type=\"container\">\n\t\t\t\t<div class=\"elementor-element elementor-element-a382ee9 elementor-align-center elementor-widget-mobile__width-initial elementor-widget elementor-widget-button\" data-id=\"a382ee9\" data-element_type=\"widget\" data-e-type=\"widget\" data-widget_type=\"button.default\">\n\t\t\t\t<div class=\"elementor-widget-container\">\n\t\t\t\t\t\t\t\t\t<div class=\"elementor-button-wrapper\">\n\t\t\t\t\t<a class=\"elementor-button elementor-button-link elementor-size-sm\" href=\"https:\/\/www.linkedin.com\/in\/sara-santana-834b65189\/\">\n\t\t\t\t\t\t<span class=\"elementor-button-content-wrapper\">\n\t\t\t\t\t\t\t\t\t<span class=\"elementor-button-text\">Linkedin<\/span>\n\t\t\t\t\t<\/span>\n\t\t\t\t\t<\/a>\n\t\t\t\t<\/div>\n\t\t\t\t\t\t\t\t<\/div>\n\t\t\t\t<\/div>\n\t\t\t\t<\/div>\n\t\t\t\t<\/div>\n\t\t\t\t\t<\/div>\n\t\t\t\t<\/div>\n\t\t<div class=\"elementor-element elementor-element-419ae6f e-flex e-con-boxed e-con e-parent\" data-id=\"419ae6f\" data-element_type=\"container\" data-e-type=\"container\">\n\t\t\t\t\t<div class=\"e-con-inner\">\n\t\t\t\t<div class=\"elementor-element elementor-element-79d3884 elementor-widget elementor-widget-toggle\" data-id=\"79d3884\" data-element_type=\"widget\" data-e-type=\"widget\" data-widget_type=\"toggle.default\">\n\t\t\t\t<div class=\"elementor-widget-container\">\n\t\t\t\t\t\t\t<div class=\"elementor-toggle\">\n\t\t\t\t\t\t\t<div class=\"elementor-toggle-item\">\n\t\t\t\t\t<div id=\"elementor-tab-title-1271\" class=\"elementor-tab-title\" data-tab=\"1\" role=\"button\" aria-controls=\"elementor-tab-content-1271\" aria-expanded=\"false\">\n\t\t\t\t\t\t\t\t\t\t\t\t<span class=\"elementor-toggle-icon elementor-toggle-icon-left\" aria-hidden=\"true\">\n\t\t\t\t\t\t\t\t\t\t\t\t\t\t\t<span class=\"elementor-toggle-icon-closed\"><svg class=\"e-font-icon-svg e-fas-caret-right\" viewBox=\"0 0 192 512\" xmlns=\"http:\/\/www.w3.org\/2000\/svg\"><path d=\"M0 384.662V127.338c0-17.818 21.543-26.741 34.142-14.142l128.662 128.662c7.81 7.81 7.81 20.474 0 28.284L34.142 398.804C21.543 411.404 0 402.48 0 384.662z\"><\/path><\/svg><\/span>\n\t\t\t\t\t\t\t\t<span class=\"elementor-toggle-icon-opened\"><svg class=\"elementor-toggle-icon-opened e-font-icon-svg e-fas-caret-up\" viewBox=\"0 0 320 512\" xmlns=\"http:\/\/www.w3.org\/2000\/svg\"><path d=\"M288.662 352H31.338c-17.818 0-26.741-21.543-14.142-34.142l128.662-128.662c7.81-7.81 20.474-7.81 28.284 0l128.662 128.662c12.6 12.599 3.676 34.142-14.142 34.142z\"><\/path><\/svg><\/span>\n\t\t\t\t\t\t\t\t\t\t\t\t\t<\/span>\n\t\t\t\t\t\t\t\t\t\t\t\t<a class=\"elementor-toggle-title\" tabindex=\"0\">LEER M\u00c1S<\/a>\n\t\t\t\t\t<\/div>\n\n\t\t\t\t\t<div id=\"elementor-tab-content-1271\" class=\"elementor-tab-content elementor-clearfix\" data-tab=\"1\" role=\"region\" aria-labelledby=\"elementor-tab-title-1271\"><p style=\"letter-spacing: -0.3px; font-family: 'Averia Sans Libre', sans-serif; font-size: 17px;\">Siempre supe que quer\u00eda dedicarme al trabajo con personas.\u00a0La Terapia Ocupacional apareci\u00f3 en el momento justo para decidirme a descubrirla; la importancia de la ocupaci\u00f3n, la motivaci\u00f3n intr\u00ednseca, y el continuo cambio que realizamos a diario de nosotros y nuestro entorno para, en definitiva, ser m\u00e1s felices.<\/p><p style=\"letter-spacing: -0.3px; font-family: 'Averia Sans Libre', sans-serif; font-size: 17px;\">En Madrid desarroll\u00e9 mi primer a\u00f1o laboral, donde trabaj\u00e9 tanto con personas mayores en residencia, como con adolescentes y adultos con diversidad funcional en centro de d\u00eda.<\/p><p style=\"letter-spacing: -0.3px; font-family: 'Averia Sans Libre', sans-serif; font-size: 17px;\">No supe, eso s\u00ed, que quer\u00eda trabajar con ni\u00f1os hasta que, hace casi 4 a\u00f1os, empec\u00e9 a trabajar con ellos. Volver a conectar con las primeras etapas y la transici\u00f3n de estas hasta la adolescencia, la importancia del apego y los primeros v\u00ednculos, las primeras luchas, los primeros logros; ha hecho que el trabajo diario con ellos haya sido un aprendizaje continuo.<\/p><p style=\"letter-spacing: -0.3px; font-family: 'Averia Sans Libre', sans-serif; font-size: 17px;\">Sin embargo, nunca quise dejar de lado la Psicolog\u00eda. Actualmente me encuentro terminando el grado con la finalidad de poder ofrecer un servicio integral que se nutra y potencie con ambas ramas.<\/p><p style=\"letter-spacing: -0.3px; font-family: 'Averia Sans Libre', sans-serif; font-size: 17px;\">Conf\u00edo y trabajo por una atenci\u00f3n actualizada, por ello he apostado y apostar\u00e9 por hacer de la formaci\u00f3n continua uno de los pilares de mi carrera profesional.\u00a0\u00a0<\/p><p style=\"letter-spacing: -0.3px; font-family: 'Averia Sans Libre', sans-serif; font-size: 17px;\">\u00c1PICE nace gracias al trabajo, la experiencia y la perspectiva de estos a\u00f1os, pero con el prop\u00f3sito de ofrecer una atenci\u00f3n personalizada y acompa\u00f1arlos a ustedes familias, y a sus hijo\/as, en su desarrollo y bienestar.<\/p><\/div>\n\t\t\t\t<\/div>\n\t\t\t\t\t\t\t\t<\/div>\n\t\t\t\t\t\t<\/div>\n\t\t\t\t<\/div>\n\t\t\t\t<div class=\"elementor-element elementor-element-016ecb9 elementor-widget elementor-widget-text-editor\" data-id=\"016ecb9\" data-element_type=\"widget\" data-e-type=\"widget\" data-widget_type=\"text-editor.default\">\n\t\t\t\t<div class=\"elementor-widget-container\">\n\t\t\t\t\t\t\t\t\t<p><span style=\"color: #c87065;\"><strong>Contacto:<\/strong><\/span><\/p><p><strong>623 755 630<\/strong><\/p><p><strong>sarasq.apice@gmail.com<\/strong><\/p>\t\t\t\t\t\t\t\t<\/div>\n\t\t\t\t<\/div>\n\t\t\t\t\t<\/div>\n\t\t\t\t<\/div>\n\t\t<div class=\"elementor-element elementor-element-f426016 e-flex e-con-boxed e-con e-parent\" data-id=\"f426016\" data-element_type=\"container\" data-e-type=\"container\">\n\t\t\t\t\t<div class=\"e-con-inner\">\n\t\t<div class=\"elementor-element elementor-element-045ddb6 e-con-full e-flex e-con e-child\" data-id=\"045ddb6\" data-element_type=\"container\" data-e-type=\"container\">\n\t\t\t\t<div class=\"elementor-element elementor-element-48ca0ba elementor-widget elementor-widget-image\" data-id=\"48ca0ba\" data-element_type=\"widget\" data-e-type=\"widget\" data-widget_type=\"image.default\">\n\t\t\t\t<div class=\"elementor-widget-container\">\n\t\t\t\t\t\t\t\t\t\t\t\t\t\t\t<img decoding=\"async\" width=\"280\" height=\"300\" src=\"https:\/\/centroapice.es\/wp-content\/uploads\/2024\/07\/maria-apice-280x300.jpg\" class=\"attachment-medium size-medium wp-image-540\" alt=\"\" srcset=\"https:\/\/centroapice.es\/wp-content\/uploads\/2024\/07\/maria-apice-280x300.jpg 280w, https:\/\/centroapice.es\/wp-content\/uploads\/2024\/07\/maria-apice-954x1024.jpg 954w, https:\/\/centroapice.es\/wp-content\/uploads\/2024\/07\/maria-apice-768x824.jpg 768w, https:\/\/centroapice.es\/wp-content\/uploads\/2024\/07\/maria-apice.jpg 1173w\" sizes=\"(max-width: 280px) 100vw, 280px\" \/>\t\t\t\t\t\t\t\t\t\t\t\t\t\t\t<\/div>\n\t\t\t\t<\/div>\n\t\t\t\t<\/div>\n\t\t<div class=\"elementor-element elementor-element-575cb14 e-con-full e-flex e-con e-child\" data-id=\"575cb14\" data-element_type=\"container\" data-e-type=\"container\">\n\t\t\t\t<div class=\"elementor-element elementor-element-9dbf9b8 elementor-widget-mobile__width-initial elementor-widget elementor-widget-text-editor\" data-id=\"9dbf9b8\" data-element_type=\"widget\" data-e-type=\"widget\" data-widget_type=\"text-editor.default\">\n\t\t\t\t<div class=\"elementor-widget-container\">\n\t\t\t\t\t\t\t\t\t<p style=\"text-align: left;\"><span style=\"color: #c87065;\"><strong>MAR\u00cdA CABRERA MAROTO<\/strong><\/span><\/p><p style=\"text-align: left;\"><span style=\"font-weight: 400;\">*Graduada en Terapia Ocupacional (UCM) Colegiada\u00a0<\/span><span style=\"text-align: center; background-color: var( --e-global-color-primary );\">4680093<\/span><\/p><p style=\"text-align: left;\"><span style=\"font-weight: 400;\">*Graduada en Psicolog\u00eda con menci\u00f3n en Psicolog\u00eda de la Salud (UNED) Colegiada P-02663<\/span><\/p><p style=\"text-align: left;\"><span style=\"font-weight: 400;\">*Master en Psicolog\u00eda General Sanitaria (UEC)<\/span><\/p><p style=\"text-align: left;\"><span style=\"font-weight: 400;\">*M\u00e1ster en Terapia Ocupacional en Salud Mental (UCLM)\u00a0<\/span><\/p><p style=\"text-align: left;\"><span style=\"font-weight: 400;\">*M\u00e1ster en Envejecimiento y Demencias (ISEP)<\/span><\/p><p style=\"text-align: left;\">\u00a0<\/p>\t\t\t\t\t\t\t\t<\/div>\n\t\t\t\t<\/div>\n\t\t\t\t<div class=\"elementor-element elementor-element-947640f elementor-align-center elementor-widget elementor-widget-button\" data-id=\"947640f\" data-element_type=\"widget\" data-e-type=\"widget\" data-widget_type=\"button.default\">\n\t\t\t\t<div class=\"elementor-widget-container\">\n\t\t\t\t\t\t\t\t\t<div class=\"elementor-button-wrapper\">\n\t\t\t\t\t<a class=\"elementor-button elementor-button-link elementor-size-sm\" href=\"https:\/\/www.linkedin.com\/in\/mar%C3%ADa-cabrera-maroto\/\">\n\t\t\t\t\t\t<span class=\"elementor-button-content-wrapper\">\n\t\t\t\t\t\t\t\t\t<span class=\"elementor-button-text\">Linkedin<\/span>\n\t\t\t\t\t<\/span>\n\t\t\t\t\t<\/a>\n\t\t\t\t<\/div>\n\t\t\t\t\t\t\t\t<\/div>\n\t\t\t\t<\/div>\n\t\t\t\t<\/div>\n\t\t\t\t\t<\/div>\n\t\t\t\t<\/div>\n\t\t<div class=\"elementor-element elementor-element-895d791 e-flex e-con-boxed e-con e-parent\" data-id=\"895d791\" data-element_type=\"container\" data-e-type=\"container\">\n\t\t\t\t\t<div class=\"e-con-inner\">\n\t\t\t\t<div class=\"elementor-element elementor-element-7a8c451 elementor-widget elementor-widget-toggle\" data-id=\"7a8c451\" data-element_type=\"widget\" data-e-type=\"widget\" data-widget_type=\"toggle.default\">\n\t\t\t\t<div class=\"elementor-widget-container\">\n\t\t\t\t\t\t\t<div class=\"elementor-toggle\">\n\t\t\t\t\t\t\t<div class=\"elementor-toggle-item\">\n\t\t\t\t\t<div id=\"elementor-tab-title-1281\" class=\"elementor-tab-title\" data-tab=\"1\" role=\"button\" aria-controls=\"elementor-tab-content-1281\" aria-expanded=\"false\">\n\t\t\t\t\t\t\t\t\t\t\t\t<span class=\"elementor-toggle-icon elementor-toggle-icon-left\" aria-hidden=\"true\">\n\t\t\t\t\t\t\t\t\t\t\t\t\t\t\t<span class=\"elementor-toggle-icon-closed\"><svg class=\"e-font-icon-svg e-fas-caret-right\" viewBox=\"0 0 192 512\" xmlns=\"http:\/\/www.w3.org\/2000\/svg\"><path d=\"M0 384.662V127.338c0-17.818 21.543-26.741 34.142-14.142l128.662 128.662c7.81 7.81 7.81 20.474 0 28.284L34.142 398.804C21.543 411.404 0 402.48 0 384.662z\"><\/path><\/svg><\/span>\n\t\t\t\t\t\t\t\t<span class=\"elementor-toggle-icon-opened\"><svg class=\"elementor-toggle-icon-opened e-font-icon-svg e-fas-caret-up\" viewBox=\"0 0 320 512\" xmlns=\"http:\/\/www.w3.org\/2000\/svg\"><path d=\"M288.662 352H31.338c-17.818 0-26.741-21.543-14.142-34.142l128.662-128.662c7.81-7.81 20.474-7.81 28.284 0l128.662 128.662c12.6 12.599 3.676 34.142-14.142 34.142z\"><\/path><\/svg><\/span>\n\t\t\t\t\t\t\t\t\t\t\t\t\t<\/span>\n\t\t\t\t\t\t\t\t\t\t\t\t<a class=\"elementor-toggle-title\" tabindex=\"0\">LEER M\u00c1S<\/a>\n\t\t\t\t\t<\/div>\n\n\t\t\t\t\t<div id=\"elementor-tab-content-1281\" class=\"elementor-tab-content elementor-clearfix\" data-tab=\"1\" role=\"region\" aria-labelledby=\"elementor-tab-title-1281\"><p style=\"letter-spacing: -0.3px; font-family: 'Averia Sans Libre', sans-serif; font-size: 17px;\">Me gusta que en mi trabajo palabras como ayuda, atenci\u00f3n o cuidado sean de aplicaci\u00f3n diaria.\u00a0Soy terapeuta ocupacional y psic\u00f3loga porque creo firmemente en que todos tenemos derecho a realizar en nuestro d\u00eda a d\u00eda las actividades que nos importan, a sentirnos bien y a llevar una vida de acuerdo con nuestros valores, y tengo la fortuna de que mi trabajo me permite ofrecer oportunidades para ello.\u00a0<\/p><p style=\"letter-spacing: -0.3px; font-family: 'Averia Sans Libre', sans-serif; font-size: 17px;\">Inici\u00e9 mi andadura profesional hace 10 a\u00f1os en Madrid, centr\u00e1ndome en los \u00e1mbitos de la salud mental en adultos y de la atenci\u00f3n de personas mayores y sus cuidadores, trabajando en centros de atenci\u00f3n a personas con enfermedad mental grave, centros para personas con discapacidad intelectual, as\u00ed como residencias y centros de mayores.\u00a0<\/p><p style=\"letter-spacing: -0.3px; font-family: 'Averia Sans Libre', sans-serif; font-size: 17px;\">Durante todo este tiempo, adem\u00e1s, mi inter\u00e9s siempre ha sido realizar formaci\u00f3n continuada que complemente mi experiencia y me permita mantenerme actualizada y preparada para los retos que encuentro en el desempe\u00f1o de estas dos profesiones que tanto me apasionan y que tan bien se complementan.\u00a0<\/p><p style=\"letter-spacing: -0.3px; font-family: 'Averia Sans Libre', sans-serif; font-size: 17px;\">\u00c1PICE es el resultado de esta trayectoria, el lugar donde la terapia ocupacional y la psicolog\u00eda caminan de la mano para ofrecer un espacio de apoyo en el que contribuir a vivir una vida plena, centr\u00e1ndome tanto en las etapas adultas como en la tercera edad.\u00a0<\/p><p style=\"letter-spacing: -0.3px; font-family: 'Averia Sans Libre', sans-serif; font-size: 17px;\">Trabajar para personas siempre ha sido mi motor y estar\u00e9 encantada de acompa\u00f1arles, poniendo siempre el foco en las necesidades \u00fanicas de cada caso. Porque no hay dos personas iguales, ni dos vidas iguales.<\/p><\/div>\n\t\t\t\t<\/div>\n\t\t\t\t\t\t\t\t<\/div>\n\t\t\t\t\t\t<\/div>\n\t\t\t\t<\/div>\n\t\t\t\t<div class=\"elementor-element elementor-element-a7202a7 elementor-widget elementor-widget-text-editor\" data-id=\"a7202a7\" data-element_type=\"widget\" data-e-type=\"widget\" data-widget_type=\"text-editor.default\">\n\t\t\t\t<div class=\"elementor-widget-container\">\n\t\t\t\t\t\t\t\t\t<p><span style=\"color: #c87065;\"><strong>Contacto:<\/strong><\/span><\/p><p><strong>623 038 919<\/strong><\/p><p><strong>mariacm.apice@gmail.com<\/strong><\/p>\t\t\t\t\t\t\t\t<\/div>\n\t\t\t\t<\/div>\n\t\t\t\t\t<\/div>\n\t\t\t\t<\/div>\n\t\t\t\t<\/div>\n\t\t","protected":false},"excerpt":{"rendered":"<p>SARA SANTANA QUEVEDO \u00a0*Graduada en Terapia Ocupacional (UCM) Colegiada 4680095 *Graduada en Psicolog\u00eda (UNED)\u00a0Colegiada P-03075 *Certificada en Integraci\u00f3n Sensorial ASI *Curso Terapia Ocupacional en Salud Mental\u00a0 *Formaci\u00f3n en: Selectividad alimentaria en el ni\u00f1o, Autismo e Integraci\u00f3n Sensorial, Abordaje multisensorial en el proceso de escritura, Introducci\u00f3n al m\u00e9todo Bobath. Linkedin LEER M\u00c1S Siempre supe que quer\u00eda [&hellip;]<\/p>\n","protected":false},"author":1,"featured_media":0,"parent":0,"menu_order":0,"comment_status":"closed","ping_status":"closed","template":"","meta":{"footnotes":""},"class_list":["post-68","page","type-page","status-publish","hentry"],"_links":{"self":[{"href":"https:\/\/centroapice.es\/index.php\/wp-json\/wp\/v2\/pages\/68","targetHints":{"allow":["GET"]}}],"collection":[{"href":"https:\/\/centroapice.es\/index.php\/wp-json\/wp\/v2\/pages"}],"about":[{"href":"https:\/\/centroapice.es\/index.php\/wp-json\/wp\/v2\/types\/page"}],"author":[{"embeddable":true,"href":"https:\/\/centroapice.es\/index.php\/wp-json\/wp\/v2\/users\/1"}],"replies":[{"embeddable":true,"href":"https:\/\/centroapice.es\/index.php\/wp-json\/wp\/v2\/comments?post=68"}],"version-history":[{"count":107,"href":"https:\/\/centroapice.es\/index.php\/wp-json\/wp\/v2\/pages\/68\/revisions"}],"predecessor-version":[{"id":743,"href":"https:\/\/centroapice.es\/index.php\/wp-json\/wp\/v2\/pages\/68\/revisions\/743"}],"wp:attachment":[{"href":"https:\/\/centroapice.es\/index.php\/wp-json\/wp\/v2\/media?parent=68"}],"curies":[{"name":"wp","href":"https:\/\/api.w.org\/{rel}","templated":true}]}}