{"id":65,"date":"2023-11-25T00:14:49","date_gmt":"2023-11-25T00:14:49","guid":{"rendered":"https:\/\/centroapice.es\/?page_id=65"},"modified":"2025-02-22T12:09:58","modified_gmt":"2025-02-22T12:09:58","slug":"atencion-a-cuidadores","status":"publish","type":"page","link":"https:\/\/centroapice.es\/index.php\/atencion-a-cuidadores\/","title":{"rendered":"Atenci\u00f3n a cuidadores"},"content":{"rendered":"\t\t<div data-elementor-type=\"wp-page\" data-elementor-id=\"65\" class=\"elementor elementor-65\">\n\t\t\t\t<div class=\"elementor-element elementor-element-32b0100 e-flex e-con-boxed e-con e-parent\" data-id=\"32b0100\" data-element_type=\"container\" data-e-type=\"container\">\n\t\t\t\t\t<div class=\"e-con-inner\">\n\t\t<div class=\"elementor-element elementor-element-185b8be e-con-full e-flex e-con e-child\" data-id=\"185b8be\" data-element_type=\"container\" data-e-type=\"container\">\n\t\t\t\t<div class=\"elementor-element elementor-element-7ca166a elementor-widget elementor-widget-image\" data-id=\"7ca166a\" data-element_type=\"widget\" data-e-type=\"widget\" data-widget_type=\"image.default\">\n\t\t\t\t<div class=\"elementor-widget-container\">\n\t\t\t\t\t\t\t\t\t\t\t\t\t\t\t<img fetchpriority=\"high\" decoding=\"async\" width=\"768\" height=\"1152\" src=\"https:\/\/centroapice.es\/wp-content\/uploads\/2025\/02\/atencion-a-cuidadores-las-palmas.jpg\" class=\"attachment-medium_large size-medium_large wp-image-616\" alt=\"\" srcset=\"https:\/\/centroapice.es\/wp-content\/uploads\/2025\/02\/atencion-a-cuidadores-las-palmas.jpg 768w, https:\/\/centroapice.es\/wp-content\/uploads\/2025\/02\/atencion-a-cuidadores-las-palmas-200x300.jpg 200w, https:\/\/centroapice.es\/wp-content\/uploads\/2025\/02\/atencion-a-cuidadores-las-palmas-683x1024.jpg 683w\" sizes=\"(max-width: 768px) 100vw, 768px\" \/>\t\t\t\t\t\t\t\t\t\t\t\t\t\t\t<\/div>\n\t\t\t\t<\/div>\n\t\t\t\t<\/div>\n\t\t<div class=\"elementor-element elementor-element-345ac69 e-con-full e-flex e-con e-child\" data-id=\"345ac69\" data-element_type=\"container\" data-e-type=\"container\">\n\t\t\t\t<div class=\"elementor-element elementor-element-5856d97 elementor-widget elementor-widget-text-editor\" data-id=\"5856d97\" data-element_type=\"widget\" data-e-type=\"widget\" data-widget_type=\"text-editor.default\">\n\t\t\t\t<div class=\"elementor-widget-container\">\n\t\t\t\t\t\t\t\t\t<p><strong>Atenci\u00f3n a Cuidadores en Las Palmas de Gran Canaria: Apoyo y Orientaci\u00f3n Personalizada<\/strong><\/p><p style=\"letter-spacing: -0.3px; text-align: left;\">Estar a cargo de una persona dependiente, en cualquier medida, puede generar situaciones de incertidumbre y dudas.\u00a0<\/p><p style=\"letter-spacing: -0.3px; text-align: left;\">En \u00c1pice te acompa\u00f1amos en este proceso\u00a0<span style=\"font-weight: bolder;\">asesorando y sugiriendo pautas claras<\/span>\u00a0que sean \u00fatiles para el d\u00eda a d\u00eda con tu familiar, seg\u00fan vuestras necesidades particulares.\u00a0<\/p><p style=\"letter-spacing: -0.3px; text-align: left;\">Por un lado, se eval\u00faan las habilidades y limitaciones de la persona dependiente, as\u00ed como las\u00a0<span style=\"font-weight: bolder;\">necesidades espec\u00edficas de cuidado<\/span>, de cara a ofrecer estrategias enfocadas en mantener o mejorar su autonom\u00eda y en adaptarse a las posibles nuevas circunstancias.\u00a0<\/p><p style=\"letter-spacing: -0.3px; text-align: left;\">Por otro lado, se ofrece atenci\u00f3n individualizada al cuidador o cuidadora, ofreciendo apoyo para\u00a0<span style=\"font-weight: bolder;\">afrontar los desaf\u00edos emocionales<\/span>\u00a0asociados al cuidado a largo plazo y fomentando el cuidado de s\u00ed mismo de cara a prevenir la sobrecarga y otras consecuencias que puede acarrear ser cuidador o cuidadora.\u00a0\u00a0<\/p><p style=\"letter-spacing: -0.3px; text-align: left;\">Para ello, se ofrecen sesiones en el\u00a0<span style=\"font-weight: bolder;\">centro, online y\/o en domicilio<\/span>.<\/p><p style=\"letter-spacing: -0.3px; text-align: right;\"><a href=\"https:\/\/centroapice.es\/index.php\/contacto\/\">Contacta<\/a>\u00a0 para m\u00e1s informaci\u00f3n:\u00a0<\/p><p style=\"letter-spacing: -0.3px; text-align: right;\">mariacm.apice@gmail.com<\/p><p style=\"letter-spacing: -0.3px; text-align: right;\">623 038 919<\/p>\t\t\t\t\t\t\t\t<\/div>\n\t\t\t\t<\/div>\n\t\t\t\t<\/div>\n\t\t\t\t\t<\/div>\n\t\t\t\t<\/div>\n\t\t\t\t<\/div>\n\t\t","protected":false},"excerpt":{"rendered":"<p>Atenci\u00f3n a Cuidadores en Las Palmas de Gran Canaria: Apoyo y Orientaci\u00f3n Personalizada Estar a cargo de una persona dependiente, en cualquier medida, puede generar situaciones de incertidumbre y dudas.\u00a0 En \u00c1pice te acompa\u00f1amos en este proceso\u00a0asesorando y sugiriendo pautas claras\u00a0que sean \u00fatiles para el d\u00eda a d\u00eda con tu familiar, seg\u00fan vuestras necesidades particulares.\u00a0 [&hellip;]<\/p>\n","protected":false},"author":1,"featured_media":0,"parent":0,"menu_order":0,"comment_status":"closed","ping_status":"closed","template":"","meta":{"footnotes":""},"class_list":["post-65","page","type-page","status-publish","hentry"],"_links":{"self":[{"href":"https:\/\/centroapice.es\/index.php\/wp-json\/wp\/v2\/pages\/65","targetHints":{"allow":["GET"]}}],"collection":[{"href":"https:\/\/centroapice.es\/index.php\/wp-json\/wp\/v2\/pages"}],"about":[{"href":"https:\/\/centroapice.es\/index.php\/wp-json\/wp\/v2\/types\/page"}],"author":[{"embeddable":true,"href":"https:\/\/centroapice.es\/index.php\/wp-json\/wp\/v2\/users\/1"}],"replies":[{"embeddable":true,"href":"https:\/\/centroapice.es\/index.php\/wp-json\/wp\/v2\/comments?post=65"}],"version-history":[{"count":23,"href":"https:\/\/centroapice.es\/index.php\/wp-json\/wp\/v2\/pages\/65\/revisions"}],"predecessor-version":[{"id":730,"href":"https:\/\/centroapice.es\/index.php\/wp-json\/wp\/v2\/pages\/65\/revisions\/730"}],"wp:attachment":[{"href":"https:\/\/centroapice.es\/index.php\/wp-json\/wp\/v2\/media?parent=65"}],"curies":[{"name":"wp","href":"https:\/\/api.w.org\/{rel}","templated":true}]}}