{"id":60,"date":"2023-11-25T00:09:11","date_gmt":"2023-11-25T00:09:11","guid":{"rendered":"https:\/\/centroapice.es\/?page_id=60"},"modified":"2025-02-22T12:39:20","modified_gmt":"2025-02-22T12:39:20","slug":"to-mayores","status":"publish","type":"page","link":"https:\/\/centroapice.es\/index.php\/to-mayores\/","title":{"rendered":"Terapia Ocupacional mayores"},"content":{"rendered":"\t\t<div data-elementor-type=\"wp-page\" data-elementor-id=\"60\" class=\"elementor elementor-60\">\n\t\t\t\t<div class=\"elementor-element elementor-element-db6a56d e-flex e-con-boxed e-con e-parent\" data-id=\"db6a56d\" data-element_type=\"container\" data-e-type=\"container\">\n\t\t\t\t\t<div class=\"e-con-inner\">\n\t\t<div class=\"elementor-element elementor-element-c3d8977 e-con-full e-flex e-con e-child\" data-id=\"c3d8977\" data-element_type=\"container\" data-e-type=\"container\">\n\t\t\t\t<div class=\"elementor-element elementor-element-0dd900b elementor-widget elementor-widget-image\" data-id=\"0dd900b\" data-element_type=\"widget\" data-e-type=\"widget\" data-widget_type=\"image.default\">\n\t\t\t\t<div class=\"elementor-widget-container\">\n\t\t\t\t\t\t\t\t\t\t\t\t\t\t\t<img fetchpriority=\"high\" decoding=\"async\" width=\"800\" height=\"600\" src=\"https:\/\/centroapice.es\/wp-content\/uploads\/2025\/02\/terapia-ocupacional-mayores-las-palmas.jpg\" class=\"attachment-large size-large wp-image-701\" alt=\"\" srcset=\"https:\/\/centroapice.es\/wp-content\/uploads\/2025\/02\/terapia-ocupacional-mayores-las-palmas.jpg 1024w, https:\/\/centroapice.es\/wp-content\/uploads\/2025\/02\/terapia-ocupacional-mayores-las-palmas-300x225.jpg 300w, https:\/\/centroapice.es\/wp-content\/uploads\/2025\/02\/terapia-ocupacional-mayores-las-palmas-768x576.jpg 768w\" sizes=\"(max-width: 800px) 100vw, 800px\" \/>\t\t\t\t\t\t\t\t\t\t\t\t\t\t\t<\/div>\n\t\t\t\t<\/div>\n\t\t\t\t<\/div>\n\t\t<div class=\"elementor-element elementor-element-94c16d1 e-con-full e-flex e-con e-child\" data-id=\"94c16d1\" data-element_type=\"container\" data-e-type=\"container\">\n\t\t\t\t<div class=\"elementor-element elementor-element-c4ba5be elementor-widget elementor-widget-text-editor\" data-id=\"c4ba5be\" data-element_type=\"widget\" data-e-type=\"widget\" data-widget_type=\"text-editor.default\">\n\t\t\t\t<div class=\"elementor-widget-container\">\n\t\t\t\t\t\t\t\t\t<p><span style=\"font-weight: 400;\">La terapia ocupacional interviene cuando la capacidad de <\/span><b>realizar de forma independiente las actividades de la vida cotidiana\u00a0<\/b><span style=\"font-weight: 400;\">est\u00e1 alterada o en riesgo.\u00a0<\/span><\/p><p>A medida que nos hacemos mayores, diversas condiciones pueden afectar nuestra autonom\u00eda. En <strong>\u00c1pice<\/strong>, nuestro principal objetivo es <strong>frenar el deterioro funcional<\/strong> y potenciar la <strong>autonom\u00eda<\/strong> de las personas mayores, ayud\u00e1ndoles a mantener su independencia el mayor tiempo posible, con el menor apoyo necesario.<\/p><p>Ya sea en nuestro <strong>centro o en el domicilio<\/strong>, adaptamos cada intervenci\u00f3n de manera personalizada, teniendo en cuenta las necesidades individuales, las patolog\u00edas previas y actuales, los intereses y el entorno cotidiano de cada persona.<\/p>\t\t\t\t\t\t\t\t<\/div>\n\t\t\t\t<\/div>\n\t\t\t\t<\/div>\n\t\t\t\t\t<\/div>\n\t\t\t\t<\/div>\n\t\t<div class=\"elementor-element elementor-element-4decc7f e-flex e-con-boxed e-con e-parent\" data-id=\"4decc7f\" data-element_type=\"container\" data-e-type=\"container\">\n\t\t\t\t\t<div class=\"e-con-inner\">\n\t\t\t\t<div class=\"elementor-element elementor-element-39195b9 elementor-widget elementor-widget-text-editor\" data-id=\"39195b9\" data-element_type=\"widget\" data-e-type=\"widget\" data-widget_type=\"text-editor.default\">\n\t\t\t\t<div class=\"elementor-widget-container\">\n\t\t\t\t\t\t\t\t\t<p><strong>Servicios de Terapia Ocupacional para mayores en Las Palmas de Gran Canaria:<\/strong><\/p><ul><li><strong>Estimulaci\u00f3n cognitiva individual y grupal<\/strong>: Realizaci\u00f3n de ejercicios y actividades que trabajan funciones cognitivas como memoria, atenci\u00f3n, percepci\u00f3n, lenguaje, \u2026\u00a0<\/li><li><strong>Asesoramiento y entrenamiento de actividades de la vida diaria: <\/strong>Sesiones individuales en las que se entrena, se asesora y se adapta la forma de realizar las actividades cotidianas cuando existe alguna dificultad.<strong>\u00a0<\/strong><\/li><li><strong>Asesoramiento sobre<\/strong><strong>adaptaciones del domicilio: <\/strong>Valoraci\u00f3n y propuesta de cambios f\u00edsicos en el hogar para facilitar la autonom\u00eda y la seguridad de la persona.<\/li><\/ul>\t\t\t\t\t\t\t\t<\/div>\n\t\t\t\t<\/div>\n\t\t\t\t\t<\/div>\n\t\t\t\t<\/div>\n\t\t<div class=\"elementor-element elementor-element-ffd5e77 e-flex e-con-boxed e-con e-parent\" data-id=\"ffd5e77\" data-element_type=\"container\" data-e-type=\"container\">\n\t\t\t\t\t<div class=\"e-con-inner\">\n\t\t\t\t<div class=\"elementor-element elementor-element-02a9308 elementor-widget elementor-widget-text-editor\" data-id=\"02a9308\" data-element_type=\"widget\" data-e-type=\"widget\" data-widget_type=\"text-editor.default\">\n\t\t\t\t<div class=\"elementor-widget-container\">\n\t\t\t\t\t\t\t\t\t<p>Adem\u00e1s, ofrecemos<a href=\"https:\/\/centroapice.es\/index.php\/atencion-a-cuidadores\/\"> atenci\u00f3n a cuidadores<\/a>: Sesiones de asesoramiento y acompa\u00f1amiento a familiares y cuidadores.\u00a0<\/p>\t\t\t\t\t\t\t\t<\/div>\n\t\t\t\t<\/div>\n\t\t\t\t<div class=\"elementor-element elementor-element-24e39eb elementor-widget elementor-widget-text-editor\" data-id=\"24e39eb\" data-element_type=\"widget\" data-e-type=\"widget\" data-widget_type=\"text-editor.default\">\n\t\t\t\t<div class=\"elementor-widget-container\">\n\t\t\t\t\t\t\t\t\t<p><a href=\"https:\/\/centroapice.es\/index.php\/contacto\/\">Contacta\u00a0<\/a> para m\u00e1s informaci\u00f3n:\u00a0<\/p><p>mariacm.apice@gmail.com<\/p><p>623 038 919<\/p>\t\t\t\t\t\t\t\t<\/div>\n\t\t\t\t<\/div>\n\t\t\t\t\t<\/div>\n\t\t\t\t<\/div>\n\t\t<div class=\"elementor-element elementor-element-241c108 e-flex e-con-boxed e-con e-parent\" data-id=\"241c108\" data-element_type=\"container\" data-e-type=\"container\">\n\t\t\t\t\t<div class=\"e-con-inner\">\n\t\t\t\t\t<\/div>\n\t\t\t\t<\/div>\n\t\t\t\t<\/div>\n\t\t","protected":false},"excerpt":{"rendered":"<p>La terapia ocupacional interviene cuando la capacidad de realizar de forma independiente las actividades de la vida cotidiana\u00a0est\u00e1 alterada o en riesgo.\u00a0 A medida que nos hacemos mayores, diversas condiciones pueden afectar nuestra autonom\u00eda. En \u00c1pice, nuestro principal objetivo es frenar el deterioro funcional y potenciar la autonom\u00eda de las personas mayores, ayud\u00e1ndoles a mantener [&hellip;]<\/p>\n","protected":false},"author":1,"featured_media":0,"parent":0,"menu_order":0,"comment_status":"closed","ping_status":"closed","template":"","meta":{"footnotes":""},"class_list":["post-60","page","type-page","status-publish","hentry"],"_links":{"self":[{"href":"https:\/\/centroapice.es\/index.php\/wp-json\/wp\/v2\/pages\/60","targetHints":{"allow":["GET"]}}],"collection":[{"href":"https:\/\/centroapice.es\/index.php\/wp-json\/wp\/v2\/pages"}],"about":[{"href":"https:\/\/centroapice.es\/index.php\/wp-json\/wp\/v2\/types\/page"}],"author":[{"embeddable":true,"href":"https:\/\/centroapice.es\/index.php\/wp-json\/wp\/v2\/users\/1"}],"replies":[{"embeddable":true,"href":"https:\/\/centroapice.es\/index.php\/wp-json\/wp\/v2\/comments?post=60"}],"version-history":[{"count":21,"href":"https:\/\/centroapice.es\/index.php\/wp-json\/wp\/v2\/pages\/60\/revisions"}],"predecessor-version":[{"id":707,"href":"https:\/\/centroapice.es\/index.php\/wp-json\/wp\/v2\/pages\/60\/revisions\/707"}],"wp:attachment":[{"href":"https:\/\/centroapice.es\/index.php\/wp-json\/wp\/v2\/media?parent=60"}],"curies":[{"name":"wp","href":"https:\/\/api.w.org\/{rel}","templated":true}]}}