{"id":57,"date":"2023-11-25T00:08:53","date_gmt":"2023-11-25T00:08:53","guid":{"rendered":"https:\/\/centroapice.es\/?page_id=57"},"modified":"2025-10-06T15:43:45","modified_gmt":"2025-10-06T15:43:45","slug":"to-ninos","status":"publish","type":"page","link":"https:\/\/centroapice.es\/index.php\/to-ninos\/","title":{"rendered":"Terapia Ocupacional infantil"},"content":{"rendered":"\t\t<div data-elementor-type=\"wp-page\" data-elementor-id=\"57\" class=\"elementor elementor-57\">\n\t\t\t\t<div class=\"elementor-element elementor-element-a920f37 e-flex e-con-boxed e-con e-parent\" data-id=\"a920f37\" data-element_type=\"container\" data-e-type=\"container\">\n\t\t\t\t\t<div class=\"e-con-inner\">\n\t\t\t\t<div class=\"elementor-element elementor-element-f2bd365 elementor-widget elementor-widget-text-editor\" data-id=\"f2bd365\" data-element_type=\"widget\" data-e-type=\"widget\" data-widget_type=\"text-editor.default\">\n\t\t\t\t<div class=\"elementor-widget-container\">\n\t\t\t\t\t\t\t\t\t<p style=\"text-align: center;\">La Terapia Ocupacional tiene como fin \u00faltimo promover la <strong>autonom\u00eda<\/strong> y <strong>participaci\u00f3n<\/strong> de la persona.<\/p>\t\t\t\t\t\t\t\t<\/div>\n\t\t\t\t<\/div>\n\t\t\t\t\t<\/div>\n\t\t\t\t<\/div>\n\t\t<div class=\"elementor-element elementor-element-a68040c e-con-full e-flex e-con e-parent\" data-id=\"a68040c\" data-element_type=\"container\" data-e-type=\"container\">\n\t\t<div class=\"elementor-element elementor-element-c21fb5a e-con-full e-flex e-con e-child\" data-id=\"c21fb5a\" data-element_type=\"container\" data-e-type=\"container\">\n\t\t\t\t<div class=\"elementor-element elementor-element-d6a79e6 elementor-widget__width-initial elementor-widget elementor-widget-image\" data-id=\"d6a79e6\" data-element_type=\"widget\" data-e-type=\"widget\" data-widget_type=\"image.default\">\n\t\t\t\t<div class=\"elementor-widget-container\">\n\t\t\t\t\t\t\t\t\t\t\t\t\t\t\t<img fetchpriority=\"high\" decoding=\"async\" width=\"768\" height=\"576\" src=\"https:\/\/centroapice.es\/wp-content\/uploads\/2025\/02\/IMG_0924-768x576.jpg\" class=\"attachment-medium_large size-medium_large wp-image-606\" alt=\"\" srcset=\"https:\/\/centroapice.es\/wp-content\/uploads\/2025\/02\/IMG_0924-768x576.jpg 768w, https:\/\/centroapice.es\/wp-content\/uploads\/2025\/02\/IMG_0924-300x225.jpg 300w, https:\/\/centroapice.es\/wp-content\/uploads\/2025\/02\/IMG_0924-1024x768.jpg 1024w, https:\/\/centroapice.es\/wp-content\/uploads\/2025\/02\/IMG_0924-1536x1152.jpg 1536w, https:\/\/centroapice.es\/wp-content\/uploads\/2025\/02\/IMG_0924-2048x1536.jpg 2048w\" sizes=\"(max-width: 768px) 100vw, 768px\" \/>\t\t\t\t\t\t\t\t\t\t\t\t\t\t\t<\/div>\n\t\t\t\t<\/div>\n\t\t\t\t<\/div>\n\t\t<div class=\"elementor-element elementor-element-b319b08 e-con-full e-flex e-con e-child\" data-id=\"b319b08\" data-element_type=\"container\" data-e-type=\"container\">\n\t\t\t\t<div class=\"elementor-element elementor-element-e5ca2b1 elementor-widget elementor-widget-text-editor\" data-id=\"e5ca2b1\" data-element_type=\"widget\" data-e-type=\"widget\" data-widget_type=\"text-editor.default\">\n\t\t\t\t<div class=\"elementor-widget-container\">\n\t\t\t\t\t\t\t\t\t<p>\u00a0<\/p><p><span style=\"color: var( --e-global-color-text ); letter-spacing: -0.3px; background-color: var( --e-global-color-primary );\">En <\/span><strong style=\"color: var( --e-global-color-text ); letter-spacing: -0.3px; background-color: var( --e-global-color-primary );\">Centro \u00c1pice<\/strong><span style=\"color: var( --e-global-color-text ); letter-spacing: -0.3px; background-color: var( --e-global-color-primary );\">, ubicado en <\/span><strong style=\"color: var( --e-global-color-text ); letter-spacing: -0.3px; background-color: var( --e-global-color-primary );\">Las Palmas de Gran Canaria<\/strong><span style=\"color: var( --e-global-color-text ); letter-spacing: -0.3px; background-color: var( --e-global-color-primary );\">, acompa\u00f1amos a ni\u00f1os, ni\u00f1as y adolescentes con desaf\u00edos en su desarrollo o en su participaci\u00f3n en la vida diaria. A trav\u00e9s de nuestro servicio de <\/span><strong style=\"color: var( --e-global-color-text ); letter-spacing: -0.3px; background-color: var( --e-global-color-primary );\">Terapia Ocupacional Infantil<\/strong><span style=\"color: var( --e-global-color-text ); letter-spacing: -0.3px; background-color: var( --e-global-color-primary );\">, trabajamos para potenciar sus fortalezas y superar los desaf\u00edos individuales.<\/span><\/p><p>En <strong>Centro \u00c1pice<\/strong>, entendemos que cada usuario es \u00fanico. Por eso, nuestro servicio de <strong>Terapia Ocupacional Infantil\u00a0<\/strong>se adapta de manera individual a cada usuario y familia; analizando el comportamiento, la actividad y el contexto de forma relacional e interdependiente, para poder ofrecer herramientas y estrategias adaptadas que favorezcan su desarrollo y bienestar.<\/p><p>\u00a0<\/p>\t\t\t\t\t\t\t\t<\/div>\n\t\t\t\t<\/div>\n\t\t\t\t<\/div>\n\t\t<div class=\"elementor-element elementor-element-7d50a01 e-con-full e-flex e-con e-child\" data-id=\"7d50a01\" data-element_type=\"container\" data-e-type=\"container\">\n\t\t\t\t<div class=\"elementor-element elementor-element-a083fcc elementor-widget__width-initial elementor-widget elementor-widget-text-editor\" data-id=\"a083fcc\" data-element_type=\"widget\" data-e-type=\"widget\" data-widget_type=\"text-editor.default\">\n\t\t\t\t<div class=\"elementor-widget-container\">\n\t\t\t\t\t\t\t\t\t<p>Nuestra intervenci\u00f3n se basa en la ocupaci\u00f3n m\u00e1s significativa de estas etapas: <strong>el juego<\/strong>, facilitando as\u00ed una mayor autonom\u00eda y participaci\u00f3n.<\/p><p>Nuestro trabajo abarca las principales \u00e1reas de ocupaci\u00f3n en la infancia y adolescencia:<\/p><ul><li><strong>Juego<\/strong><\/li><li><strong>Ocio y tiempo libre<\/strong><\/li><li><strong>Descanso y sue\u00f1o<\/strong><\/li><li><strong>Educaci\u00f3n<\/strong><\/li><li><strong>Participaci\u00f3n social<\/strong><\/li><li><strong>Actividades de la Vida Diaria (AVD)<\/strong> como vestirse, alimentarse o asearse.<\/li><li><strong>Actividades Instrumentales de la Vida Diaria (AIVD)<\/strong> como organizar su material escolar, realizar compras, o desenvolverse en la comunidad.<\/li><\/ul>\t\t\t\t\t\t\t\t<\/div>\n\t\t\t\t<\/div>\n\t\t\t\t<\/div>\n\t\t<div class=\"elementor-element elementor-element-e0ee095 e-con-full e-flex e-con e-child\" data-id=\"e0ee095\" data-element_type=\"container\" data-e-type=\"container\">\n\t\t\t\t<div class=\"elementor-element elementor-element-31f4a8d elementor-widget elementor-widget-image\" data-id=\"31f4a8d\" data-element_type=\"widget\" data-e-type=\"widget\" data-widget_type=\"image.default\">\n\t\t\t\t<div class=\"elementor-widget-container\">\n\t\t\t\t\t\t\t\t\t\t\t\t\t\t\t<img decoding=\"async\" width=\"800\" height=\"534\" src=\"https:\/\/centroapice.es\/wp-content\/uploads\/2024\/01\/pexels-tara-winstead-6692956-1024x683.jpg\" class=\"attachment-large size-large wp-image-213\" alt=\"\" srcset=\"https:\/\/centroapice.es\/wp-content\/uploads\/2024\/01\/pexels-tara-winstead-6692956-1024x683.jpg 1024w, https:\/\/centroapice.es\/wp-content\/uploads\/2024\/01\/pexels-tara-winstead-6692956-300x200.jpg 300w, https:\/\/centroapice.es\/wp-content\/uploads\/2024\/01\/pexels-tara-winstead-6692956-768x512.jpg 768w, https:\/\/centroapice.es\/wp-content\/uploads\/2024\/01\/pexels-tara-winstead-6692956-1536x1024.jpg 1536w, https:\/\/centroapice.es\/wp-content\/uploads\/2024\/01\/pexels-tara-winstead-6692956-2048x1365.jpg 2048w\" sizes=\"(max-width: 800px) 100vw, 800px\" \/>\t\t\t\t\t\t\t\t\t\t\t\t\t\t\t<\/div>\n\t\t\t\t<\/div>\n\t\t\t\t<\/div>\n\t\t<div class=\"elementor-element elementor-element-104acf5 e-con-full e-flex e-con e-child\" data-id=\"104acf5\" data-element_type=\"container\" data-e-type=\"container\">\n\t\t\t\t<\/div>\n\t\t\t\t<\/div>\n\t\t<div class=\"elementor-element elementor-element-e3e53f4 e-flex e-con-boxed e-con e-parent\" data-id=\"e3e53f4\" data-element_type=\"container\" data-e-type=\"container\">\n\t\t\t\t\t<div class=\"e-con-inner\">\n\t\t\t\t<div class=\"elementor-element elementor-element-ba720ba elementor-widget elementor-widget-text-editor\" data-id=\"ba720ba\" data-element_type=\"widget\" data-e-type=\"widget\" data-widget_type=\"text-editor.default\">\n\t\t\t\t<div class=\"elementor-widget-container\">\n\t\t\t\t\t\t\t\t\t<p><strong><a href=\"https:\/\/centroapice.es\/index.php\/contacto\/\">Contacta para m\u00e1s informaci\u00f3n:<\/a><\/strong><\/p><p>623 755 630<\/p><p>sarasq.apice@gmail.com<\/p>\t\t\t\t\t\t\t\t<\/div>\n\t\t\t\t<\/div>\n\t\t\t\t\t<\/div>\n\t\t\t\t<\/div>\n\t\t\t\t<\/div>\n\t\t","protected":false},"excerpt":{"rendered":"<p>La Terapia Ocupacional tiene como fin \u00faltimo promover la autonom\u00eda y participaci\u00f3n de la persona. \u00a0 En Centro \u00c1pice, ubicado en Las Palmas de Gran Canaria, acompa\u00f1amos a ni\u00f1os, ni\u00f1as y adolescentes con desaf\u00edos en su desarrollo o en su participaci\u00f3n en la vida diaria. A trav\u00e9s de nuestro servicio de Terapia Ocupacional Infantil, trabajamos [&hellip;]<\/p>\n","protected":false},"author":1,"featured_media":0,"parent":0,"menu_order":0,"comment_status":"closed","ping_status":"closed","template":"","meta":{"footnotes":""},"class_list":["post-57","page","type-page","status-publish","hentry"],"_links":{"self":[{"href":"https:\/\/centroapice.es\/index.php\/wp-json\/wp\/v2\/pages\/57","targetHints":{"allow":["GET"]}}],"collection":[{"href":"https:\/\/centroapice.es\/index.php\/wp-json\/wp\/v2\/pages"}],"about":[{"href":"https:\/\/centroapice.es\/index.php\/wp-json\/wp\/v2\/types\/page"}],"author":[{"embeddable":true,"href":"https:\/\/centroapice.es\/index.php\/wp-json\/wp\/v2\/users\/1"}],"replies":[{"embeddable":true,"href":"https:\/\/centroapice.es\/index.php\/wp-json\/wp\/v2\/comments?post=57"}],"version-history":[{"count":115,"href":"https:\/\/centroapice.es\/index.php\/wp-json\/wp\/v2\/pages\/57\/revisions"}],"predecessor-version":[{"id":737,"href":"https:\/\/centroapice.es\/index.php\/wp-json\/wp\/v2\/pages\/57\/revisions\/737"}],"wp:attachment":[{"href":"https:\/\/centroapice.es\/index.php\/wp-json\/wp\/v2\/media?parent=57"}],"curies":[{"name":"wp","href":"https:\/\/api.w.org\/{rel}","templated":true}]}}