{"id":3,"date":"2023-11-18T12:14:15","date_gmt":"2023-11-18T12:14:15","guid":{"rendered":"http:\/\/centroapice.es\/?page_id=3"},"modified":"2024-01-26T18:56:25","modified_gmt":"2024-01-26T18:56:25","slug":"privacy-policy","status":"publish","type":"page","link":"https:\/\/centroapice.es\/index.php\/privacy-policy\/","title":{"rendered":"Pol\u00edtica de privacidad y aviso legal"},"content":{"rendered":"\n<p><strong>POL\u00cdTICA DE PRIVACIDAD<\/strong><br>Esta pol\u00edtica de privacidad la ha redactado Centro \u00c1pice (Mar\u00eda Cabrera Maroto &#8211; Sara Santana Quevedo) en adelante, \u2018La Entidad\u2019 para informarte de los tratamientos de datos personales que se llevan a cabo (i) al solicitar alg\u00fan servicio o adquirir alg\u00fan producto (ii) gestionar cualquier tipo de consulta o reclamaci\u00f3n (iii) comunicaciones comerciales (iv) al acceder a la web: centroapice.es.<br>Desde La Entidad ponemos en valor su privacidad y la seguridad de sus datos son nuestra prioridad. La confianza y el respeto es la base de nuestra relaci\u00f3n comercial, sin esos elementos no podr\u00edamos lograr nuestros objetivos.<br>Queremos que, como cliente \/ usuario, controle sus datos personales, y que puedas decidir qui\u00e9n accede a ellos, en qu\u00e9 condiciones y para qu\u00e9 finalidad. Para todo ello hemos actualizado nuestra pol\u00edtica de privacidad a fin de renovar su confianza y cumplir con la legislaci\u00f3n vigente. Acorde con la normativa europea de protecci\u00f3n de datos de car\u00e1cter personal, Reglamento General 2016\/ 679 de Protecci\u00f3n de Datos (UE) del Parlamento y del Consejo de 27 de abril de 2016 (RGPD) y a la Ley Org\u00e1nica de Protecci\u00f3n de Datos Personales y Garant\u00eda de los Derechos Digitales (LOPDGDD) 3\/2018 de 5 de diciembre de 2018, a continuaci\u00f3n, le informamos de los detalles y de c\u00f3mo tratamos sus datos personales en La Entidad.<br>Visitar nuestro sitio web no implica la recopilaci\u00f3n ni el procesamiento de tus datos personales, salvo lo establecido en nuestra Pol\u00edtica de Cookies, la cual te aconsejamos que leas atentamente. En caso de enviar formularios o te suscribas a nuestra newsletter, recopilaremos ciertos datos personales con el objetivo principal de responder a tu solicitud o consulta, as\u00ed como de facilitarte el servicio que requieras.<br>Nos reservamos el derecho de modificar nuestra Pol\u00edtica de Privacidad en cualquier momento por motivos empresariales o para cumplir con posibles modificaciones legales o jurisprudenciales. Le sugerimos que compruebe siempre la vigencia y exactitud de la informaci\u00f3n, servicios y contenidos recogidos en la web. Recuerda que si tienes preguntas o necesitas informaci\u00f3n adicional sobre tus derechos, no dudes en ponerte en contacto con nuestro responsable de protecci\u00f3n de datos a trav\u00e9s de mariacm.apice@gmail.com &#8211; sarasq.apice@gmail.com con el asunto\u201dProtecci\u00f3n de Datos\u201d. Fecha de actualizaci\u00f3n: 01\/01\/2024<br><strong>\u00bfQUI\u00c9N ES EL RESPONSABLE DEL TRATAMIENTO DE LOS DATOS?<\/strong><br>Centro \u00c1pice (Mar\u00eda Cabrera Maroto &#8211; Sara Santana Quevedo) con NIF <em>710L &#8211; <\/em>292D y con domicilio a efectos fiscales en Calle Colmenares, 20 portal 1 bajo izquierda 35003, entidad que se dedica a terapias ocupacionales para mayores y ni\u00f1os, atenci\u00f3n a cuidadores y psicolog\u00eda. Para cualquier duda sobre nuestra pol\u00edtica de privacidad, el tratamiento de tus datos personales o el ejercicio de derechos seg\u00fan las leyes aplicables, no dude en comunicarse a trav\u00e9s de los correos mariacm.apice@gmail.com &#8211; sarasq.apice@gmail.com con el asunto \u201dProtecci\u00f3n de Datos\u201d<br><strong>\u00bfPARA QU\u00c9 TRATAMOS TUS DATOS? FINALIDADES DEL TRATAMIENTO Y LEGITIMACI\u00d3N?<\/strong><br>La Entidad podr\u00e1 realizar los siguientes tratamientos con las finalidades y en base a la legitimaci\u00f3n descrita:<br>a) Gesti\u00f3n administrativa de los servicios\/productos solicitados<br>Los datos personales proporcionados ser\u00e1n utilizados con el prop\u00f3sito de llevar a cabo el procesamiento, facturaci\u00f3n o env\u00edo de los mismos entre otros, as\u00ed como para mantener un registro preciso de todas las transacciones realizadas. As\u00ed como lo contempla el RGPD en su art. 6.1. a) y b) estos tratamientos son necesarios para la ejecuci\u00f3n de un contrato, la aplicaci\u00f3n de medidas precontractuales a su propia petici\u00f3n o para la defensa ante reclamaciones de clientes, seg\u00fan proceda.<br>b) Atenci\u00f3n a solicitudes, consultas y reclamaciones<br>La Informaci\u00f3n personal incluida en las solicitudes, consultas o reclamaciones que se formulen ser\u00e1n tratados para su atenci\u00f3n. El tratamiento se fundamenta en el inter\u00e9s leg\u00edtimo de la empresa en gestionar de manera efectiva las comunicaciones presentadas.<br>c) Tratamiento de datos de navegaci\u00f3n<br>La entidad puede realizar an\u00e1lisis a partir de las estad\u00edsticas de los datos de navegaci\u00f3n. Para ello empleamos cookies y tecnolog\u00edas similares. M\u00e1s informaci\u00f3n sobre las cookies que usamos y c\u00f3mo deshabilitarlas, en nuestra Pol\u00edtica de cookies. Esto incluye informaci\u00f3n sobre su tipo de dispositivo (movil, tablet, PC\u2026), la duraci\u00f3n de su visita y las p\u00e1ginas que visita.<\/p>\n\n\n\n<p>Estos datos se utilizan exclusivamente con fines anal\u00edticos y estad\u00edsticos. Este proceso se fundamenta en su consentimiento otorgado para la instalaci\u00f3n de cookies anal\u00edticas, as\u00ed como en nuestro inter\u00e9s leg\u00edtimo de evaluar y mejorar la calidad de nuestros servicios y productos.<br><strong>DESTINATARIOS DE LOS DATOS RECOGIDOS<\/strong><br>No cederemos sus datos personales a terceros, salvo que estemos obligados por Ley, sean requeridos por la Autoridad Competente o que en su caso con un consentimiento expreso. Tampoco se producir\u00e1n transferencias internacionales de datos.<br><strong>DERECHOS<\/strong><br>Usted tiene derecho a obtener confirmaci\u00f3n sobre si en La Entidad estamos tratando datos personales que les conciernan, o no.<br>Tiene derecho a:<\/p>\n\n\n\n<ul class=\"wp-block-list\">\n<li>Acceder a sus datos personales.<\/li>\n\n\n\n<li>Solicitar la rectificaci\u00f3n de los datos inexactos.<\/li>\n\n\n\n<li>Solicitar su supresi\u00f3n cuando, entre otros motivos, los datos ya no sean necesarios para los fines que<br>fueron recogidos.<\/li>\n\n\n\n<li>Solicitar la limitaci\u00f3n del tratamiento de sus datos en determinadas circunstancias, en cuyo caso<br>\u00fanicamente los conservaremos para el ejercicio o la defensa de reclamaciones.<\/li>\n\n\n\n<li>Oponerse al tratamiento de sus datos en La Entidad, en determinadas circunstancias y por motivos<br>relacionados con su situaci\u00f3n particular, dejando de tratar sus datos, salvo por motivos leg\u00edtimos, o el ejercicio o la defensa de posibles reclamaciones.<\/li>\n\n\n\n<li>Solicitar la portabilidad de sus datos.<br>Puede ejercer sus derechos, remitiendo un e-mail a trav\u00e9s de mariacm.apice@gmail.com &#8211; sarasq.apice@gmail.com con el asunto\u201dProtecci\u00f3n de Datos\u201d o acudiendo a las dependencias de La Entidad. Recuerde acompa\u00f1ar su solicitud con el<br>DNI o documento equivalente acreditativo de su identidad. El ejercicio de estos derechos es gratuito.<br>As\u00ed mismo, en cualquier momento, puedes retirar el consentimiento prestado. La retirada del consentimiento no afectar\u00e1 a la licitud del tratamiento basado en el consentimiento previo a la misma. Del mismo modo le indicamos que de no ser<br>atendidos sus derechos por La Entidad, puede realizarlo ante la Agencia Espa\u00f1ola de Protecci\u00f3n de Datos, tiene m\u00e1s informaci\u00f3n en su web www.aepd.es<br><strong>PLAZO CONSERVACI\u00d3N DE SUS DATOS.<\/strong><br>Los datos personales proporcionados ser\u00e1n conservados durante el tiempo necesario para cumplir con la finalidad para la cual fueron recopilados. Este per\u00edodo puede variar seg\u00fan la naturaleza de la informaci\u00f3n, los datos de clientes se conservar\u00e1n durante la vigencia de la relaci\u00f3n que mantienen con La Entidad y en todo caso durante los plazos previstos en las disposiciones legales aplicables y durante el tiempo necesario para atender a posibles responsabilidades nacidas del tratamiento. Una vez cumplido el plazo establecido, procederemos a la eliminaci\u00f3n segura de los datos, garantizando<br>su total anonimato o destrucci\u00f3n. Para obtener informaci\u00f3n m\u00e1s detallada sobre los plazos espec\u00edficos de conservaci\u00f3n de sus datos en contextos particulares pueden ponerse en contacto con nosotros a trav\u00e9s de los medios facilitados.<\/li>\n<\/ul>\n\n\n\n<p><strong>AVISO LEGAL:<\/strong><br>En cumplimiento del art\u00edculo 10 de la Ley 34\/2002, de 11 de julio, de Servicios de la Sociedad de la Informaci\u00f3n y Comercio Electr\u00f3nico, se exponen los datos identificativos de la web, sitio oficial de Centro \u00c1pice (Mar\u00eda Cabrera Maroto &#8211; Sara Santana Quevedo), con domicilio social en Calle Colmenares, 20 portal 1 bajo izquierda 35003 y CIF : <em>710L &#8211; <\/em>292D. Cuenta con la web, centroapice.es para informarles de nuestros servicios.<br><strong>CONDICIONES GENERALES DEL USO DE LA WEB<\/strong><br>Centro \u00c1pice, en adelante, \u2018La Entidad\u2019, le informa que el acceso y uso de la p\u00e1gina web centroapice.es todos los subdominios y directorios incluidos bajo la misma (en adelante, conjuntamente denominados como \u2018portal\u2019 o \u2018web\u2019), as\u00ed como los servicios o contenidos que a trav\u00e9s de \u00e9l se puedan obtener, est\u00e1n sujetos a los t\u00e9rminos que se detallan en este Aviso Legal, sin perjuicio de que el acceso a alguno de dichos servicios o contenidos pueda precisar de la aceptaci\u00f3n de unas Condiciones Generales o particulares, adicionales. Por ello, si las consideraciones detalladas en este Aviso Legal no son de<br>su conformidad, rogamos no haga uso del portal, ya que cualquier uso que haga del mismo o de los servicios y contenidos en \u00e9l incluidos, implicar\u00e1 la aceptaci\u00f3n de los t\u00e9rminos legales recogidos en este texto.<br>Dado que, por la naturaleza de Internet, se pueda acceder a la web desde cualquier parte del mundo, los contenidos del mismo, as\u00ed como los servicios que en general ofrece La Entidad, van dirigidos a usuarios que pueden operan en cualquier pa\u00eds. No obstante, al solicitar la contrataci\u00f3n de cualquier tipo de servicios y contenidos ofrecidos, La Entidad, se reserva el derecho a realizar cambios en el presente Aviso legal sin previo aviso, con el objeto de actualizar, corregir, modificar, a\u00f1adir o eliminar los contenidos de la web o de su dise\u00f1o. As\u00ed mismo, el presente Aviso Legal se entender\u00e1 sin perjuicio de cualesquiera otras condiciones generales, y particulares, que regulen el acceso a bienes y servicios concretos dentro<br>del la web.<br>Le sugerimos que compruebe siempre la vigencia y exactitud de la informaci\u00f3n, servicios y contenidos recogidos en la web. Recuerda que si en alg\u00fan momento deseas m\u00e1s informaci\u00f3n puedes ponerte en contacto a trav\u00e9s de mariacm.apice@gmail.com &#8211; sarasq.apice@gmail.com con el asunto \u201dAviso legal\u201d.<br>Fecha de actualizaci\u00f3n: 01\/01\/2024<br><strong>DERECHOS DE PROPIEDAD INTELECTUAL Y DE PROPIEDAD INDUSTRIAL<\/strong><br>Tanto el dise\u00f1o, su c\u00f3digo fuente, como los logos, marcas y dem\u00e1s signos distintivos que aparecen en el mismo, pertenecen a La Entidad, a enlaces de inter\u00e9s o entidades colaboradoras y que est\u00e1n protegidos por los correspondientes derechos de propiedad intelectual e industrial. Igualmente est\u00e1n protegidos por los correspondientes derechos de propiedad intelectual e industrial las im\u00e1genes, logos, audios, etc. contenidos en el servidor de La Entidad, Su uso, reproducci\u00f3n, distribuci\u00f3n, comunicaci\u00f3n p\u00fablica, transformaci\u00f3n o cualquier otra actividad similar o an\u00e1loga, queda totalmente prohibida salvo<br>que medie expresa autorizaci\u00f3n de La Entidad. En todo caso, La Entidad, declara su respeto a los derechos de propiedad intelectual e industrial de terceros; por ello, si considera que este sitio pudiera estar violando sus derechos, rogamos se ponga en contacto con nosotros a trav\u00e9s de los medios facilitados.<br><strong>LINKS O HIPERENLACES<\/strong><br>La Entidad, le puede facilita el acceso a otras p\u00e1ginas web que consideramos, pueden ser de su inter\u00e9s. El objetivo de dichos enlaces es \u00fanicamente facilitarle la b\u00fasqueda de los recursos que le puedan interesar a trav\u00e9s de Internet. No obstante, dichas p\u00e1ginas no le pertenecen, ni hace una revisi\u00f3n de sus contenidos y, por ello, no puede hacerse responsable de los mismos, del funcionamiento de la p\u00e1gina enlazada o de los posibles da\u00f1os que puedan derivarse del acceso o uso de la misma. Asimismo, La Entidad, se muestra plenamente respetuosa con los derechos de propiedad intelectual o industrial que le puedan corresponder, a terceras personas, sobre las p\u00e1ginas web a las que se refieran los citados enlaces. Por tal<br>motivo, si considera que el establecimiento de los citados enlaces pudiera estar violando sus derechos, rogamos se ponga en contacto nosotros a trav\u00e9s de los medios facilitados.<br><strong>FRAMES O MARCOS.<\/strong><br>La Entidad, proh\u00edbe expresamente la realizaci\u00f3n de \u201cframings\u201d o la utilizaci\u00f3n por parte de terceros de cualesquiera otros mecanismos que alteren el dise\u00f1o, configuraci\u00f3n original o contenidos de su portal.<br><strong>PUBLICIDAD.<\/strong><br>En el portal se insertar\u00e1 aquella publicidad de La Entidad, o de terceras empresas anunciantes que consideremos pueda ser de su inter\u00e9s. Sin perjuicio de lo establecido en la Pol\u00edtica de Privacidad, La Entidad, se compromete a no facilitar informaci\u00f3n suya a los anunciantes, salvo datos estad\u00edsticos an\u00f3nimos sobre la utilizaci\u00f3n de la web, con la finalidad de que se pueda mejorar el servicio y ofrecer productos conforme a las expectativas de los usuarios.<\/p>\n\n\n\n<p><strong>USO DE COOKIES.<\/strong><br>La Entidad, puede utilizar cookies cuando un usuario navega por sus sitios y p\u00e1ginas web. Las cookies que se puedan utilizar en los sitios y p\u00e1ginas web de La Entidad, se asocian \u00fanicamente con el navegador de un ordenador determinado (un usuario an\u00f3nimo), y no proporcionan por s\u00ed mismas ning\u00fan dato personal del usuario. Las cookies sirven solo para fines exclusivamente internos. Las cookies utilizadas no pueden leer los archivos cookies creados por otros proveedores o sitios web. Aun cuando el usuario configurara su navegador para rechazar todas las \u201ccookies\u201d o rechazara expresamente las \u201ccookies\u201d de La Entidad, podr\u00e1 acceder a la informaci\u00f3n contenida en La Entidad. En cualquiera caso, el usuario podr\u00e1 eliminar las \u201ccookies\u201d implantadas en su disco duro en cualquier momento, siguiendo el procedimiento establecido en la secci\u00f3n de ayuda de su navegador. Para mayor informaci\u00f3n acceda a la Pol\u00edtica de Cookies en nuestra web.<br><strong>PRIVACIDAD.<\/strong><br>La Entidad, cumple con la normativa vigente de protecci\u00f3n de datos, RGPD (UE) 2016\/679 del Parlamento Europeo y del Consejo y la LOPDGDD 3\/2018 de Protecci\u00f3n de Datos de Car\u00e1cter Personal y Garant\u00eda de los Derecho Digitales, y mantiene una pol\u00edtica de privacidad sobre los datos personales, en la que se describe, principalmente, el uso que La Entidad, hace de los datos de car\u00e1cter personal, y se informa al usuario detalladamente de las circunstancias esenciales de dicho uso y de las medidas de seguridad que se aplican a sus datos de car\u00e1cter personal, para evitar que terceros no autorizados puedan acceder a ellos. Para mayor informaci\u00f3n acceda a la Pol\u00edticas de Privacidad en nuestra web.<br><strong>RESPONSABILIDADES DEL USUARIO<\/strong><br>El usuario se compromete a utilizar los servicios del portal de acuerdo con los t\u00e9rminos expresados en el presente Aviso Legal, siendo responsable de su uso correcto. El usuario que act\u00fae contra la imagen, buen nombre o reputaci\u00f3n de La Entidad, as\u00ed como quien utilice il\u00edcita o fraudulentamente los dise\u00f1os, logos o contenidos de la web y\/o viole en cualquier forma los derechos de propiedad intelectual e industrial del portal o de los contenidos y servicios de la misma, ser\u00e1 responsable frente a La Entidad, de su actuaci\u00f3n.<br><strong>RESPONSABILIDADES DE LA ENTIDAD.<\/strong><br>Uso incorrecto del portal: La Entidad, ha creado la web para la promoci\u00f3n de sus productos y para facilitar el acceso a sus servicios, pero no puede controlar la utilizaci\u00f3n del mismo de forma distinta a la prevista en el presente Aviso Legal; por tanto, el acceso al portal y el uso correcto de la informaci\u00f3n contenida en el mismo son responsabilidad de quien realiza estas acciones, no siendo responsable La Entidad, por el uso incorrecto, il\u00edcito o negligente que del mismo pudiere hacer el usuario.<br>Utilizaci\u00f3n de los contenidos: La Entidad, facilita todos los contenidos de su portal, bajo determinadas condiciones, y de buena fe, y realizar\u00e1 sus mejores esfuerzos para que los mismos est\u00e9n permanentemente actualizados y vigentes; no obstante, La Entidad, no puede asumir responsabilidad alguna respecto al uso o acceso que realicen los usuarios fuera del \u00e1mbito al que se dirige la web, cuya responsabilidad final recaer\u00e1 sobre el usuario. Asimismo, La Entidad, no va a poder controlar los contenidos que no hayan sido elaborados por ellos o por terceros cumpliendo su encargo y, por tanto, no responder\u00e1 en ning\u00fan caso de los da\u00f1os, contenidos e indisponibilidades t\u00e9cnicas que pudieran causarse por parte de dichos terceros.<br>Virus: La Entidad, se compromete a aplicar todas las medidas necesarias para intentar garantizar al usuario la ausencia de virus, gusanos, troyanos y elementos similares en su portal. No obstante, estas medidas no son infalibles y, por ello, La Entidad, no puede asegurar totalmente la ausencia de dichos elementos nocivos. En consecuencia, La Entidad, no ser\u00e1 responsable de los da\u00f1os que los mismos pudieran producir al usuario.<br><strong>FALLOS TECNOL\u00d3GICOS<\/strong><br>La Entidad, ha concluido todos los contratos necesarios para la continuidad de su portal y realizar\u00e1 sus mejores esfuerzos para que el mismo no sufra interrupciones, pero no puede garantizar la ausencia de fallos tecnol\u00f3gicos, ni la permanente disponibilidad del portal y de los servicios contenidos en \u00e9l y, en consecuencia, no asume responsabilidad alguna por los da\u00f1os y perjuicios que puedan generarse por la falta de disponibilidad y por los fallos en el acceso ocasionados por desconexiones, aver\u00edas, sobrecargas o ca\u00eddas de la red no imputables a La Entidad,.<br>Intercambio de informaci\u00f3n: la web puede contener determinadas zonas pensadas para que los distintos usuarios puedan poner en com\u00fan sus experiencias y para fomentar el intercambio de informaci\u00f3n. Sin embargo, La Entidad, \u00fanicamente act\u00faa en estos foros como lugar de reuni\u00f3n y no controla las expresiones vertidas en los mismos, por lo que no asume responsabilidad alguna por la veracidad o pertinencia de las manifestaciones efectuadas en ellos por los usuarios.<br><strong>LEY APLICABLE Y JURISDICCI\u00d3N<\/strong><br>La ley aplicable en caso de disputa o conflicto de interpretaci\u00f3n de los t\u00e9rminos que conforman este Aviso Legal, as\u00ed como cualquier cuesti\u00f3n relacionada con los servicios del presente portal, ser\u00e1 la ley espa\u00f1ola. Para la resoluci\u00f3n de cualquier conflicto que pueda surgir con ocasi\u00f3n de la visita al portal o del uso de los servicios que en \u00e9l se puedan ofertar, La Entidad, y el usuario acuerdan someterse al Sistema Arbitral de Consumo o a los jueces y tribunales de lo mercantil de Las Palmas de Gran Canaria.<br><strong>INFORMACI\u00d3N SOBRE EL USO DEL SERVICIO POR MENORES DE 14 A\u00d1OS<\/strong><br>Seg\u00fan establece la normativa de protecci\u00f3n de datos, para el tratamiento de datos personales de menores de 14 a\u00f1os ser\u00e1 necesario el consentimiento de padres o tutores. Por lo tanto, si todav\u00eda no eres mayor de 14 a\u00f1os, utiliza esta p\u00e1gina web \u00fanicamente con la autorizaci\u00f3n de tus padres o personas encargadas de tu tutela. La protecci\u00f3n de datos personales de ni\u00f1os es muy importante para nosotros. Por este motivo, queda prohibido el acceso y uso del portal a los menores de edad no autorizados.<br><strong>INTERESADOS QUE FACILITAN SUS DATOS A TRAV\u00c9S DE LA P\u00c1GINA WEB<\/strong><br>En cumplimiento de la LOPDGDD 3\/2018, le informamos de que sus datos personales recabados a trav\u00e9s de cualquiera de nuestros formularios, son incluidos en los tratamientos de titularidad de La Entidad, cuya finalidad es la gesti\u00f3n de clientes, usuarios y potenciales clientes, contactos, acciones de comunicaci\u00f3n comercial, etc. Asimismo, le informamos que sus datos ser\u00e1n conservados en los ficheros de nuestra entidad mientras dure nuestra relaci\u00f3n comercial y el tiempo legalmente establecido una vez finalizada la misma. Para ejercitar los derechos de acceso, rectificaci\u00f3n, supresi\u00f3n, oposici\u00f3n, limitaci\u00f3n y portabilidad previstos en la Ley puede ponerse en contacto con nosotros a trav\u00e9s de los medios facilitados.<br><strong>CANDIDATOS QUE FACILITAN SUS DATOS CURRICULARES A TRAV\u00c9S DE LA P\u00c1GINA WEB<\/strong><br>De conformidad con lo dispuesto en la LOPDGDD 3\/2018, ponemos en su conocimiento que los datos de car\u00e1cter personal voluntariamente facilitados por Ud. con ocasi\u00f3n de la entrega de su curr\u00edculum vitae a esta entidad, as\u00ed como todos aquellos que se deriven de las entrevistas que puedan con Ud. mantenerse y los que puedan recabarse en el curso del proceso de selecci\u00f3n, son incorporados al registro de actividades del tratamiento \u201cSelecci\u00f3n de Personal\u201d , cuya finalidad es mantener un archivo con informaci\u00f3n curricular de los candidatos a prestar servicios a nuestra entidad. Al enviar sus datos de<br>\u201cCurr\u00edculum\u201d, deber\u00e1 adjuntar tambi\u00e9n un consentimiento expreso firmado otorgando su autorizaci\u00f3n para que podamos de forma inequ\u00edvoca utilizarlos en procesos selectivos ya que de lo contrario nos veremos obligados a eliminarlos. Los datos proporcionados se conservar\u00e1n hasta la adjudicaci\u00f3n de un puesto de trabajo o hasta que usted ejerza su derecho de cancelaci\u00f3n. Para ejercitar los derechos de acceso, rectificaci\u00f3n, supresi\u00f3n, oposici\u00f3n, limitaci\u00f3n y portabilidad previsto en la Ley, pueden ponerse en contacto con nosotros a trav\u00e9s de los medios facilitados.<\/p>\n\n\n\n<p><\/p>\n","protected":false},"excerpt":{"rendered":"<p>POL\u00cdTICA DE PRIVACIDADEsta pol\u00edtica de privacidad la ha redactado Centro \u00c1pice (Mar\u00eda Cabrera Maroto &#8211; Sara Santana Quevedo) en adelante, \u2018La Entidad\u2019 para informarte de los tratamientos de datos personales que se llevan a cabo (i) al solicitar alg\u00fan servicio o adquirir alg\u00fan producto (ii) gestionar cualquier tipo de consulta o reclamaci\u00f3n (iii) comunicaciones comerciales [&hellip;]<\/p>\n","protected":false},"author":1,"featured_media":0,"parent":0,"menu_order":0,"comment_status":"closed","ping_status":"open","template":"","meta":{"footnotes":""},"class_list":["post-3","page","type-page","status-publish","hentry"],"_links":{"self":[{"href":"https:\/\/centroapice.es\/index.php\/wp-json\/wp\/v2\/pages\/3","targetHints":{"allow":["GET"]}}],"collection":[{"href":"https:\/\/centroapice.es\/index.php\/wp-json\/wp\/v2\/pages"}],"about":[{"href":"https:\/\/centroapice.es\/index.php\/wp-json\/wp\/v2\/types\/page"}],"author":[{"embeddable":true,"href":"https:\/\/centroapice.es\/index.php\/wp-json\/wp\/v2\/users\/1"}],"replies":[{"embeddable":true,"href":"https:\/\/centroapice.es\/index.php\/wp-json\/wp\/v2\/comments?post=3"}],"version-history":[{"count":4,"href":"https:\/\/centroapice.es\/index.php\/wp-json\/wp\/v2\/pages\/3\/revisions"}],"predecessor-version":[{"id":491,"href":"https:\/\/centroapice.es\/index.php\/wp-json\/wp\/v2\/pages\/3\/revisions\/491"}],"wp:attachment":[{"href":"https:\/\/centroapice.es\/index.php\/wp-json\/wp\/v2\/media?parent=3"}],"curies":[{"name":"wp","href":"https:\/\/api.w.org\/{rel}","templated":true}]}}