{"id":231,"date":"2024-01-02T22:34:04","date_gmt":"2024-01-02T22:34:04","guid":{"rendered":"https:\/\/centroapice.es\/?page_id=231"},"modified":"2025-02-22T12:25:14","modified_gmt":"2025-02-22T12:25:14","slug":"psicologia-2","status":"publish","type":"page","link":"https:\/\/centroapice.es\/index.php\/psicologia-2\/","title":{"rendered":"Psicolog\u00eda"},"content":{"rendered":"\t\t<div data-elementor-type=\"wp-page\" data-elementor-id=\"231\" class=\"elementor elementor-231\">\n\t\t\t\t<div class=\"elementor-element elementor-element-5550bf0 e-flex e-con-boxed e-con e-parent\" data-id=\"5550bf0\" data-element_type=\"container\" data-e-type=\"container\">\n\t\t\t\t\t<div class=\"e-con-inner\">\n\t\t<div class=\"elementor-element elementor-element-5836fae e-con-full e-flex e-con e-child\" data-id=\"5836fae\" data-element_type=\"container\" data-e-type=\"container\">\n\t\t\t\t<div class=\"elementor-element elementor-element-41ca129 elementor-widget__width-initial elementor-widget elementor-widget-text-editor\" data-id=\"41ca129\" data-element_type=\"widget\" data-e-type=\"widget\" data-widget_type=\"text-editor.default\">\n\t\t\t\t<div class=\"elementor-widget-container\">\n\t\t\t\t\t\t\t\t\t<p><span style=\"font-weight: 400;\">La psicolog\u00eda ofrece ayuda y herramientas a aquellas personas que padecen un problema de salud mental, que atraviesan un momento vital de dificultad o que quieran realizar un trabajo de <\/span><span style=\"font-weight: 400;\">crecimiento personal y desarrollo de habilidades para afrontar los desaf\u00edos de la vida.\u00a0\u00a0<\/span><\/p><p><span style=\"font-weight: 400;\">Desde una perspectiva integradora de enfoques basados en la evidencia, como la terapia cognitivo-conductual o la terapia de aceptaci\u00f3n y compromiso,<\/span><span style=\"font-weight: 400;\"> se ayuda a la persona a entender su problema y adquirir estrategias para resolverlo, poniendo el foco en sus pensamientos, emociones y comportamientos.\u00a0<\/span><\/p><p><span style=\"font-weight: 400;\">En <strong>\u00c1pice<\/strong>, buscamos proporcionar un espacio seguro y de confianza donde poder trabajar las metas que la persona se plantee, ofreciendo un acompa\u00f1amiento\u00a0 <\/span><span style=\"font-weight: 400;\">profesional y personalizado enfocado en descubrir nuevas perspectivas y desarrollar fortalezas para alcanzar mayor bienestar.\u00a0<\/span><\/p>\t\t\t\t\t\t\t\t<\/div>\n\t\t\t\t<\/div>\n\t\t\t\t<\/div>\n\t\t<div class=\"elementor-element elementor-element-6cce1cc e-con-full e-flex e-con e-child\" data-id=\"6cce1cc\" data-element_type=\"container\" data-e-type=\"container\">\n\t\t\t\t<div class=\"elementor-element elementor-element-77d0893 elementor-widget elementor-widget-image\" data-id=\"77d0893\" data-element_type=\"widget\" data-e-type=\"widget\" data-widget_type=\"image.default\">\n\t\t\t\t<div class=\"elementor-widget-container\">\n\t\t\t\t\t\t\t\t\t\t\t\t\t\t\t<img fetchpriority=\"high\" decoding=\"async\" width=\"768\" height=\"1024\" src=\"https:\/\/centroapice.es\/wp-content\/uploads\/2025\/02\/psicologia-las-palmas.jpg\" class=\"attachment-medium_large size-medium_large wp-image-627\" alt=\"\" srcset=\"https:\/\/centroapice.es\/wp-content\/uploads\/2025\/02\/psicologia-las-palmas.jpg 768w, https:\/\/centroapice.es\/wp-content\/uploads\/2025\/02\/psicologia-las-palmas-225x300.jpg 225w\" sizes=\"(max-width: 768px) 100vw, 768px\" \/>\t\t\t\t\t\t\t\t\t\t\t\t\t\t\t<\/div>\n\t\t\t\t<\/div>\n\t\t\t\t<\/div>\n\t\t\t\t\t<\/div>\n\t\t\t\t<\/div>\n\t\t<div class=\"elementor-element elementor-element-2ca6b43 e-con-full e-flex e-con e-parent\" data-id=\"2ca6b43\" data-element_type=\"container\" data-e-type=\"container\">\n\t\t\t\t<div class=\"elementor-element elementor-element-d4dca1d elementor-widget elementor-widget-text-editor\" data-id=\"d4dca1d\" data-element_type=\"widget\" data-e-type=\"widget\" data-widget_type=\"text-editor.default\">\n\t\t\t\t<div class=\"elementor-widget-container\">\n\t\t\t\t\t\t\t\t\t<p><span style=\"font-weight: 400;\">Las sesiones pueden llevarse a cabo en el<strong> centro, en el domicilio o de forma online.<\/strong><\/span><\/p><p>*Servicio incluido en el cuadro m\u00e9dico de las compa\u00f1\u00edas:<strong> DKV, HNA y SANTA LUC\u00cdA<\/strong><\/p>\t\t\t\t\t\t\t\t<\/div>\n\t\t\t\t<\/div>\n\t\t\t\t<div class=\"elementor-element elementor-element-faa8c95 elementor-widget__width-initial elementor-widget elementor-widget-text-editor\" data-id=\"faa8c95\" data-element_type=\"widget\" data-e-type=\"widget\" data-widget_type=\"text-editor.default\">\n\t\t\t\t<div class=\"elementor-widget-container\">\n\t\t\t\t\t\t\t\t\t<p style=\"letter-spacing: -0.3px; text-align: right;\"><a href=\"https:\/\/centroapice.es\/index.php\/contacto\/\">Contacta<\/a>\u00a0 para m\u00e1s informaci\u00f3n:\u00a0<\/p><p style=\"letter-spacing: -0.3px; text-align: right;\">mariacm.apice@gmail.com<\/p><p style=\"letter-spacing: -0.3px; text-align: right;\">623 038 919<\/p>\t\t\t\t\t\t\t\t<\/div>\n\t\t\t\t<\/div>\n\t\t\t\t<\/div>\n\t\t\t\t<\/div>\n\t\t","protected":false},"excerpt":{"rendered":"<p>La psicolog\u00eda ofrece ayuda y herramientas a aquellas personas que padecen un problema de salud mental, que atraviesan un momento vital de dificultad o que quieran realizar un trabajo de crecimiento personal y desarrollo de habilidades para afrontar los desaf\u00edos de la vida.\u00a0\u00a0 Desde una perspectiva integradora de enfoques basados en la evidencia, como la [&hellip;]<\/p>\n","protected":false},"author":1,"featured_media":0,"parent":0,"menu_order":0,"comment_status":"closed","ping_status":"closed","template":"","meta":{"footnotes":""},"class_list":["post-231","page","type-page","status-publish","hentry"],"_links":{"self":[{"href":"https:\/\/centroapice.es\/index.php\/wp-json\/wp\/v2\/pages\/231","targetHints":{"allow":["GET"]}}],"collection":[{"href":"https:\/\/centroapice.es\/index.php\/wp-json\/wp\/v2\/pages"}],"about":[{"href":"https:\/\/centroapice.es\/index.php\/wp-json\/wp\/v2\/types\/page"}],"author":[{"embeddable":true,"href":"https:\/\/centroapice.es\/index.php\/wp-json\/wp\/v2\/users\/1"}],"replies":[{"embeddable":true,"href":"https:\/\/centroapice.es\/index.php\/wp-json\/wp\/v2\/comments?post=231"}],"version-history":[{"count":40,"href":"https:\/\/centroapice.es\/index.php\/wp-json\/wp\/v2\/pages\/231\/revisions"}],"predecessor-version":[{"id":682,"href":"https:\/\/centroapice.es\/index.php\/wp-json\/wp\/v2\/pages\/231\/revisions\/682"}],"wp:attachment":[{"href":"https:\/\/centroapice.es\/index.php\/wp-json\/wp\/v2\/media?parent=231"}],"curies":[{"name":"wp","href":"https:\/\/api.w.org\/{rel}","templated":true}]}}